{"id":4,"date":"2017-06-03T13:29:45","date_gmt":"2017-06-03T11:29:45","guid":{"rendered":"http:\/\/www.zottelmama.de\/?page_id=4"},"modified":"2020-04-21T07:54:16","modified_gmt":"2020-04-21T05:54:16","slug":"startseite","status":"publish","type":"page","link":"https:\/\/www.jana-zaehl.de\/","title":{"rendered":""},"content":{"rendered":"<p>Moin, moin liebe Upcycler, DIY, Unikat &amp; handmade Freunde!<br \/>\nIch liebe es in meiner Freizeit zu werkeln, zu n\u00e4hen und neue Sachen auszuprobieren. Mein momentanes absolutes Lieblingsmaterial sind Upcycling Materialien. Nach dem Motto &#8222;Mehrwert anstatt Meer weg&#8220;. Ich sammele Materialien ein, die sonst weggeworfen oder verbrannt werden m\u00fcssten. Wie zum Beispiel alte tubes also Fahrradschl\u00e4uche oder Reststoffe aus \u00dcberproduktionen. Aus ihnen sind schon viele einzigartige Unikate entstanden wie diverse Taschen, Anh\u00e4nger aber auch Hocker, H\u00e4ngematten und Sitzkissen. Quasi Upcycling deluxe \ud83d\ude42<br \/>\nAuf meiner kleinen feinen Webseite findet Ihr neben mit Liebe gemachte einzigartige Unikate auch einen Einblick in meine aktuellen Projekte , einfache DIY Anleitungen und Upcycling Ideen zum Nachmachen.<br \/>\nLeider kann ich aufgrund gesundheitlicher Probleme mein Gewerbe derzeit nicht betreiben. Bleibt mir bitte\u00a0 trotzdem treu, denn sobald ich wieder fit bin geht es richtig los &#8211;\u00a0 mein Kopf platzt schon vor Ideen.<br \/>\nAlso bleibt gesund, lasst euch inspirieren und &#8222;save the nature&#8220;!<br \/>\nLiebste Gr\u00fc\u00dfe Eure<br \/>\n<img loading=\"lazy\" decoding=\"async\" class=\"alignnone wp-image-1111\" src=\"https:\/\/www.jana-zaehl.de\/wp-content\/uploads\/2017\/06\/Logo-wei\u00df-300x272.png\" alt=\"\" width=\"50\" height=\"45\" srcset=\"https:\/\/www.jana-zaehl.de\/wp-content\/uploads\/2017\/06\/Logo-wei\u00df-300x272.png 300w, https:\/\/www.jana-zaehl.de\/wp-content\/uploads\/2017\/06\/Logo-wei\u00df-350x318.png 350w, https:\/\/www.jana-zaehl.de\/wp-content\/uploads\/2017\/06\/Logo-wei\u00df-768x697.png 768w, https:\/\/www.jana-zaehl.de\/wp-content\/uploads\/2017\/06\/Logo-wei\u00df-1024x930.png 1024w\" sizes=\"(max-width: 50px) 100vw, 50px\" \/>\u00a0<img loading=\"lazy\" decoding=\"async\" class=\"alignnone size-medium wp-image-1109\" src=\"https:\/\/www.jana-zaehl.de\/wp-content\/uploads\/2017\/06\/Schriftzug-zottelmama-Jana-Z\u00e4hl-blacksword-300x47.png\" alt=\"\" width=\"300\" height=\"47\" srcset=\"https:\/\/www.jana-zaehl.de\/wp-content\/uploads\/2017\/06\/Schriftzug-zottelmama-Jana-Z\u00e4hl-blacksword-300x47.png 300w, https:\/\/www.jana-zaehl.de\/wp-content\/uploads\/2017\/06\/Schriftzug-zottelmama-Jana-Z\u00e4hl-blacksword-350x55.png 350w, https:\/\/www.jana-zaehl.de\/wp-content\/uploads\/2017\/06\/Schriftzug-zottelmama-Jana-Z\u00e4hl-blacksword-768x120.png 768w, https:\/\/www.jana-zaehl.de\/wp-content\/uploads\/2017\/06\/Schriftzug-zottelmama-Jana-Z\u00e4hl-blacksword-1024x161.png 1024w\" sizes=\"(max-width: 300px) 100vw, 300px\" \/><\/p>\n","protected":false},"excerpt":{"rendered":"<p>Moin, moin liebe Upcycler, DIY, Unikat &amp; handmade Freunde! Ich liebe es in meiner Freizeit zu werkeln, zu n\u00e4hen und neue Sachen auszuprobieren. Mein momentanes absolutes Lieblingsmaterial sind Upcycling Materialien. Nach dem Motto &#8222;Mehrwert anstatt Meer weg&#8220;. Ich sammele Materialien ein, die sonst weggeworfen oder verbrannt werden m\u00fcssten. Wie zum Beispiel alte tubes also Fahrradschl\u00e4uche &hellip; <\/p>\n<p class=\"link-more\"><a href=\"https:\/\/www.jana-zaehl.de\/\" class=\"more-link\"><span class=\"screen-reader-text\">\u201e\u201c<\/span> weiterlesen<\/a><\/p>\n","protected":false},"author":1,"featured_media":0,"parent":0,"menu_order":0,"comment_status":"closed","ping_status":"closed","template":"","meta":{"jetpack_post_was_ever_published":false,"footnotes":""},"class_list":["post-4","page","type-page","status-publish","hentry"],"jetpack_sharing_enabled":false,"jetpack_shortlink":"https:\/\/wp.me\/P8NTZC-4","_links":{"self":[{"href":"https:\/\/www.jana-zaehl.de\/index.php?rest_route=\/wp\/v2\/pages\/4"}],"collection":[{"href":"https:\/\/www.jana-zaehl.de\/index.php?rest_route=\/wp\/v2\/pages"}],"about":[{"href":"https:\/\/www.jana-zaehl.de\/index.php?rest_route=\/wp\/v2\/types\/page"}],"author":[{"embeddable":true,"href":"https:\/\/www.jana-zaehl.de\/index.php?rest_route=\/wp\/v2\/users\/1"}],"replies":[{"embeddable":true,"href":"https:\/\/www.jana-zaehl.de\/index.php?rest_route=%2Fwp%2Fv2%2Fcomments&post=4"}],"version-history":[{"count":17,"href":"https:\/\/www.jana-zaehl.de\/index.php?rest_route=\/wp\/v2\/pages\/4\/revisions"}],"predecessor-version":[{"id":1196,"href":"https:\/\/www.jana-zaehl.de\/index.php?rest_route=\/wp\/v2\/pages\/4\/revisions\/1196"}],"wp:attachment":[{"href":"https:\/\/www.jana-zaehl.de\/index.php?rest_route=%2Fwp%2Fv2%2Fmedia&parent=4"}],"curies":[{"name":"wp","href":"https:\/\/api.w.org\/{rel}","templated":true}]}}