{"id":102,"date":"2017-11-01T14:49:58","date_gmt":"2017-11-01T13:49:58","guid":{"rendered":"http:\/\/www.jana-zaehl.de\/?page_id=102"},"modified":"2019-01-03T18:43:18","modified_gmt":"2019-01-03T17:43:18","slug":"allgemeine-geschaeftsbedingungen-widerrufsrecht","status":"publish","type":"page","link":"https:\/\/www.jana-zaehl.de\/?page_id=102","title":{"rendered":"Allgemeine Gesch\u00e4ftsbedingungen,  Widerrufsrecht, Datenschutz"},"content":{"rendered":"<p><span style=\"font-size: large;\"><b>Allgemeine Gesch\u00e4ftsbedingungen AGBs \/ Widerrufsrecht \/ Datenschutz<br \/>\n<\/b><\/span><\/p>\n<p><strong>Allgemeiner Geltungsbereich:<\/strong><br \/>\nDie folgenden Allgemeinen Gesch\u00e4ftsbedingungen, gelten f\u00fcr alle Gesch\u00e4ftsbeziehungen zwischen den Anbieter \/ Verk\u00e4ufer<br \/>\nJana Z\u00e4hl<br \/>\nRommerscheiderstrasse 42<br \/>\n51465 Bergisch Gladbach<br \/>\nUmsatzsteuer-Identifikationsnummer: 204\/5399\/1580 VST<br \/>\nund dem Kunden.<br \/>\nMa\u00dfgeblich ist jeweils die zum Zeitpunkt des Vertragsschlusses g\u00fcltige Fassung.<\/p>\n<p><strong>Vertragsabschluss:<\/strong><br \/>\n(1) Die Darstellung von Kunstwerken im Internet stellt kein Angebot dar, sondern ist nur eine unverbindliche und freibleibende Aufforderungen an den Kunden, Kaufanfragen zu stellen. Die Onlinedarstellungen k\u00f6nnen von den bestellten Kunstwerken geringf\u00fcgig abweichen. Besonders die Farbwiedergabe ist technisch bedingt nicht 100% zuverl\u00e4ssig.<br \/>\n(2) Mit der Kaufanfrage des Kunstwerkes gibt der Kunde kein f\u00fcr ihn verbindliches Angebot auf Abschluss eines Kaufvertrages ab.<br \/>\n(3) Bei einer Kaufanfrage \u00fcber die Online Applikation wird der Zugang der Anfrage per E-Mail best\u00e4tigt, dies stellt allerdings noch keine Vertragsannahme dar.<br \/>\n(4) Das Angebot erfolgt per E-Mail, wenn die Ware verf\u00fcgbar ist und zu Verkauf steht.<br \/>\n(5) Die Vertragsannahme erfolgt durch eine schriftliche Annahme des vorab zugesandten Angebots per E-Mail<br \/>\n(6) Vorbehalte: der Anbieter beh\u00e4lt sich vor, im Falle der Nichtverf\u00fcgbarkeit der versprochenen Leistung diese nicht zu erbringen.<\/p>\n<p><strong>Preise, Lieferung, <\/strong><strong>Versandkosten, R\u00fccksendekosten<\/strong><strong>:<\/strong><br \/>\n(1) Alle Preise sind Endpreise und enthalten gem. \u00a7 19 Abs. 1 UStG keine Umsatzsteuer (Mehrwertsteuer).<br \/>\n(2) Hat der Kunde die Lieferung per Zusteller gew\u00e4hlt, kommen Versandkosten hinzu. Die Versandkosten h\u00e4ngen vom Gewicht der bestellten Ware, sowie der Versandart ab und werden im Angebot aufgef\u00fchrt.<br \/>\n(3) Alle Risiken und Gefahren, die im Rahmen der Warenversendung auftreten k\u00f6nnen, gehen zu Lasten des Kunden, sobald die Waren von Jana Z\u00e4hl an den Zusteller, oder dem Kunden selbst \u00fcbergeben wurden. Der Anbieter haftet nicht f\u00fcr Besch\u00e4digungen oder Verlust der Kaufsache, die nach \u00dcbergabe derselben zur Bef\u00f6rderung entstehen. Diese sind gegebenenfalls gegen\u00fcber dem Zusteller geltend zu machen.<br \/>\n(4) Besteht ein Widerrufsrecht und wird von diesem Gebraucht gemacht, tr\u00e4gt der Kunde die Kosten der R\u00fccksendung.<\/p>\n<p><strong>Zahlungsbedingung:<\/strong><br \/>\n(1) Die Zahlung erfolgt entweder durch Barzahlung bei Abholung oder per Vorkasse. Der Versand erfolgt 1-3 Tage nach Zahlungseingang.<br \/>\n(2) Der Kunde erh\u00e4lt f\u00fcr den Rechnungsbetrag eine Rechnung.<br \/>\n(3) Der Kunde ist verpflichtet innerhalb von 10 Tagen nach Erhalt der Rechnung den ausgewiesenen Betrag auf das auf der Rechnung angegebene Konto einzuzahlen oder zu \u00fcberweisen. Die Zahlung ist ab Rechnungsdatum ohne Abzug f\u00e4llig. Der Kunde kommt erst nach Mahnung in Verzug.<br \/>\n(4) Sofern kein Zahlungseingang innerhalb von 14 Tagen seit Vertragsabschluss zu verzeichnen ist, so ist ein Fortbestand des Leistungsinteresses seitens des Anbieters nicht mehr gegeben und es tritt das gesetzliche R\u00fccktrittsrecht in Kraft (\u00a7 323 Abs. 2 Ziff. 2 BGB).<\/p>\n<p><strong>Eigentumsvorbehalt:<\/strong><br \/>\nDer Anbieter beh\u00e4lt sich das Recht am Eigentum an der Ware bis zur vollst\u00e4ndigen Bezahlung des Kaufpreises vor. Eine Verpf\u00e4ndung oder Sicherheits\u00fcbertragung der Waren ohne schriftliche Zustimmung ist nicht zul\u00e4ssig.<\/p>\n<p><strong>Gew\u00e4hrleistung:<\/strong><br \/>\n(1) Der Kunde ist verpflichtet, die gelieferte Ware unverz\u00fcglich nach Empfang zu \u00fcberpr\u00fcfen und eventuelle Reklamationen innerhalb von 14 Werktagen schriftlich anzuzeigen, andernfalls ist die Geltendmachung von Gew\u00e4hrleistungsanspr\u00fcchen ausgeschlossen.<br \/>\n(2) Bei Reklamationen muss das Kaufdatum mit einer Rechnung nachgewiesen werden Ausgeschlossen sind M\u00e4ngel, die durch Transport, unsachgem\u00e4\u00dfe Behandlung, Ver\u00e4nderung des gelieferten Gegenstandes oder nat\u00fcrlicher Verschlei\u00df entstanden sind. Den Kunden trifft die volle Beweislast f\u00fcr s\u00e4mtliche Anspruch Voraussetzungen.<br \/>\n(3) Handels\u00fcbliche oder geringe, technisch nicht vermeidbare Abweichungen der Qualit\u00e4t, Farbe, Gr\u00f6\u00dfe, des Druckes oder des Designs d\u00fcrfen nicht beanstandet werden.<br \/>\n(4) Der Anbieter hat das Recht zur mehrfachen Ersatzlieferung oder Nachbesserung.<\/p>\n<hr \/>\n<p style=\"text-align: center;\">!!!! W I C H T I G\u00a0 &#8211; L E S EN\u00a0\u00a0\u00a0 E R F O R D E R L I C H !!!!!<\/p>\n<p><strong><span style=\"font-size: medium;\"><u>Widerrufsrecht:<\/u><\/span><\/strong><b><\/b><\/p>\n<p><em><span style=\"font-size: medium;\"><b>(1) Widerrufsbelehrung<br \/>\na.) Widerrufserkl\u00e4rung:<br \/>\nSie k\u00f6nnen Ihre Vertragserkl\u00e4rung innerhalb von 14 Tagen ohne Angabe von Gr\u00fcnden in Textform (z. B. Brief, Fax, E-Mail) oder \u2013 wenn Ihnen die Sache vor Fristablauf \u00fcberlassen wird \u2013 auch durch R\u00fccksendung der Sache widerrufen. Die Frist beginnt nach Erhalt dieser Belehrung in Textform, jedoch nicht vor Eingang der Ware beim Empf\u00e4nger. <\/b><\/span><\/em><em><span style=\"font-size: medium;\"><b>Z<\/b><\/span><\/em><em><span style=\"font-size: medium;\"><b>ur Wahrung der Widerrufsfrist gen\u00fcgt die rechtzeitige Absendung des Widerrufs oder der Sache.<\/b><\/span><\/em><\/p>\n<p><em><strong>Der Widerruf ist zu richten an:<\/strong><\/em><br \/>\n<span style=\"font-size: medium;\"><em><strong> Jana Z\u00e4hl<br \/>\nRommerscheiderstrasse 42<br \/>\n51465 Bergisch Gladbach<\/strong><\/em><\/span><\/p>\n<div>\n<p><em><strong>Widerrufsformular<\/strong><\/em><\/p>\n<\/div>\n<div><em>Wenn Sie den Vertrag widerrufen wollen, dann f\u00fcllen Sie bitte dieses Formular aus und senden es zur\u00fcck.<\/em><\/div>\n<div><em>An<\/em><\/div>\n<div><em>Jana Z\u00e4hl<\/em><\/div>\n<div><em>Rommerscheiderstrasse 42<\/em><\/div>\n<div><em>51465 Bergisch Gladbach<\/em><\/div>\n<div><em>Deutschland<\/em><\/div>\n<div><em>\u00a0<\/em><\/div>\n<div><em>Hiermit widerrufe(n) ich\/wir (*) den von mir\/uns (*) abgeschlossenen Vertrag \u00fcber den Kauf der folgenden Waren (*)\/die Erbringung der folgenden Dienstleistung (*)<\/em><\/div>\n<div><em>_____________________________________________________________________<\/em><\/div>\n<div><em>_____________________________________________________________________<\/em><\/div>\n<div>\n<p><em>Bestellt am (*) ________________ \/ erhalten am (*) _________________________<\/em><\/p>\n<\/div>\n<div>_____________________________________________________________________<\/div>\n<div>Name des\/der K\u00e4ufer(s)<\/div>\n<div>_____________________________________________________________________<\/div>\n<div>Strasse und Hausnummer des\/der K\u00e4ufer(s)<\/div>\n<div>_____________________________________________________________________<\/div>\n<div>\n<div>PLZ und Ort des\/der K\u00e4ufer(s)<\/div>\n<div>_____________________________________________________________________<\/div>\n<\/div>\n<div>Unterschrift des\/der Verbraucher(s) (nur bei Mitteilung auf Papier)<\/div>\n<div>_____________________________________________________________________<\/div>\n<div>Ort und Datum<\/div>\n<div>(*) Unzutreffendes streichen<\/div>\n<div><\/div>\n<div><\/div>\n<div><\/div>\n<p><P><br \/>\n<em><strong>b.) Widerrufsfolgen:<\/strong><\/em><br \/>\n<em><strong> Im Falle eines wirksamen Widerrufs sind die beiderseits empfangenen Leistungen zur\u00fcck zu gew\u00e4hren und ggf. gezogene Nutzungen herauszugeben. K\u00f6nnen Sie <span style=\"font-size: medium;\">den Anbieter <\/span><\/strong><span style=\"font-size: medium;\"><b><em>die empfangene Leistung sowie Nutzungen (z. B. Gebra<\/em>uchsvorteile) nicht oder teilweise nicht oder nur in verschlechtertem Zustand zur\u00fcck gew\u00e4hren beziehungsweise herausgeben, m\u00fcssen Sie insoweit Wertersatz leisten. F\u00fcr die Verschlechterung der Sache und f\u00fcr gezogene Nutzungen m\u00fcssen Sie Wertersatz nur leisten, soweit die Nutzungen oder die Verschlechterung auf einen Umgang mit der Sache zur\u00fcckzuf\u00fchren ist, der \u00fcber die Pr\u00fcfung der Eigenschaften und der Funktionsweise hinausgeht. Unter \u201ePr\u00fcfung der Eigenschaften und der Funktionsweise\u201c versteht man das Testen und Ausprobieren der jeweiligen Ware, wie es etwa im Ladengesch\u00e4ft m\u00f6glich und \u00fcblich ist. <\/b><\/span><\/em><\/p>\n<p><em><span style=\"font-size: medium;\"><b>Sie tragen die unmittelbaren Kosten der R\u00fccksendung der Waren.<\/b><\/span><\/em><b><\/b><\/p>\n<p><em><span style=\"font-size: medium;\"><b>Verpflichtungen zur Erstattung von Zahlungen m\u00fcssen innerhalb von 30 Tagen erf\u00fcllt werden. Die Frist beginnt f\u00fcr Sie mit der Absendung Ihrer Widerrufserkl\u00e4rung oder der Sache, f\u00fcr <\/b><\/span><\/em><em><span style=\"font-size: medium;\"><b>den Anbieter<\/b><\/span><\/em><em><span style=\"font-size: medium;\"><b> mit deren Empfang.<\/b><\/span><\/em><\/p>\n<p><em><strong>Ende der Widerrufsbelehrung <\/strong><\/em><b><\/b><\/p>\n<p><strong>(2) Das Widerrufsrecht besteht nicht bei Lieferungen von Kunstwerken die nach Kundenspezifikationen angefertigt werden oder die auf Grund ihrer Beschaffenheit nicht f\u00fcr eine R\u00fccksendung geeignet sind.<\/strong><\/p>\n<p><strong>(3) Die zur R\u00fccksendung bestimmte Ware ist ordnungsgem\u00e4\u00df zu verpacken. Transportsch\u00e4den die durch unsachgem\u00e4\u00dfe Verpackung entstanden sind, belasten den Kunden. Als ordnungsgem\u00e4\u00dfe Verpackung gilt nur die Originalverpackung oder eine gleichwertige Verpackung.<\/strong><\/p>\n<p>&nbsp;<\/p>\n<hr \/>\n<p>&nbsp;<\/p>\n<p align=\"left\"><strong>V<\/strong><strong>ertraulichkeit, <\/strong><strong>Datenschutz<\/strong><strong>:<\/strong><br \/>\nKundendaten werden selbstverst\u00e4ndlich vertraulich behandelt und nicht an Dritte weitergegeben. Sie dienen lediglich dem internen Gebrauch und Abwicklung.<\/p>\n<div>1) Information \u00fcber die Erhebung personenbezogener Daten und Kontaktdaten des Verantwortlichen. Personenbezogene Daten sind hierbei alle Daten, mit denen Sie pers\u00f6nlich identifiziert werden k\u00f6nnen.<\/div>\n<div>1.2 Verantwortlicher f\u00fcr die Datenverarbeitung im Sinne der Datenschutz-Grundverordnung (DSGVO) ist Jana Z\u00e4hl, Rommerscheiderstrasse 42, 51465 Bergisch Gladbach, Deutschland.\u00a0 Tel.: 02202 257386, E-Mail: zottelmam@freenet.de.<\/div>\n<div>Der f\u00fcr die Verarbeitung von personenbezogenen Daten Verantwortliche ist diejenige nat\u00fcrliche oder juristische Person, die allein oder gemeinsam mit anderen \u00fcber die Zwecke und Mittel der Verarbeitung von personenbezogenen Daten entscheidet.<\/div>\n<div>2) Kontaktaufnahme<\/div>\n<div>Im Rahmen der Kontaktaufnahme mit uns (z.B. per Kontaktformular oder E-Mail) werden personenbezogene Daten erhoben, welche dies sind, k\u00f6nnen Sie aus dem Kontaktformular ersehen. Diese Daten werden ausschlie\u00dflich zum Zweck der Beantwortung Ihres Anliegens bzw. f\u00fcr die Kontaktaufnahme und die damit verbundene technische Administration gespeichert und verwendet. Rechtsgrundlage f\u00fcr die Verarbeitung der Daten ist das berechtigte Interesse an der Beantwortung Ihres Anliegens gem\u00e4\u00df Art. 6 Abs. 1 lit. f DSGVO. Zielt Ihre Kontaktierung auf den Abschluss eines Vertrages ab, so ist zus\u00e4tzliche Rechtsgrundlage f\u00fcr die Verarbeitung Art. 6 Abs. 1 lit. b DSGVO. Ihre Daten werden nach abschlie\u00dfender Bearbeitung Ihrer Anfrage gel\u00f6scht. Dies ist der Fall, wenn sich aus den Umst\u00e4nden entnehmen l\u00e4sst, dass der betroffene Sachverhalt abschlie\u00dfend gekl\u00e4rt ist und sofern auch keine gesetzlichen Aufbewahrungspflichten entgegenstehen.<\/div>\n<div>3) die Datenverarbeitung zur Bestellabwicklung<\/div>\n<div>3.1 Die von uns erhobenen personenbezogenen Daten werden im Rahmen der Vertragsabwicklung an das mit der Lieferung beauftragte Versand-\/Transportunternehmen weitergegeben, soweit dies zur Lieferung der Ware erforderlich ist. Ihre Zahlungsdaten geben wir im Rahmen der Zahlungsabwicklung an das beauftragte Kreditinstitut weiter, sofern dies f\u00fcr die Zahlungsabwicklung erforderlich ist. Sofern Zahlungsdienstleister eingesetzt werden, informieren wir hier\u00fcber nachstehend explizit. Die Rechtsgrundlage f\u00fcr die Weitergabe der Daten ist hierbei Art. 6 Abs. 1 lit. b DSGVO.<\/div>\n<div><\/div>\n<div>4) Rechte des Betroffenen<\/div>\n<div>4.1 Das geltende Datenschutzrecht gew\u00e4hrt Ihnen gegen\u00fcber dem Verantwortlichen hinsichtlich der Verarbeitung Ihrer personenbezogenen Daten umfassende Betroffenenrechte (Auskunfts- und Interventionsrechte), \u00fcber die wir Sie nachstehend informieren:<\/div>\n<div>&#8211; Auskunftsrecht gem\u00e4\u00df Art. 15 DSGVO: Sie haben insbesondere ein Recht auf Auskunft \u00fcber Ihre von uns verarbeiteten personenbezogenen Daten, die Verarbeitungszwecke, die Kategorien der verarbeiteten personenbezogenen Daten, die Empf\u00e4nger oder Kategorien von Empf\u00e4ngern, gegen\u00fcber denen Ihre Daten offengelegt wurden oder werden, die geplante Speicherdauer bzw. die Kriterien f\u00fcr die Festlegung der Speicherdauer, das Bestehen eines Rechts auf Berichtigung, L\u00f6schung, Einschr\u00e4nkung der Verarbeitung, Widerspruch gegen die Verarbeitung, Beschwerde bei einer Aufsichtsbeh\u00f6rde, die Herkunft Ihrer Daten, wenn diese nicht durch uns bei Ihnen erhoben wurden, das Bestehen einer automatisierten Entscheidungsfindung einschlie\u00dflich Profiling und ggf. aussagekr\u00e4ftige Informationen \u00fcber die involvierte Logik und die Sie betreffende Tragweite und die angestrebten Auswirkungen einer solchen Verarbeitung, sowie Ihr Recht auf Unterrichtung, welche Garantien gem\u00e4\u00df Art. 46 DSGVO bei Weiterleitung Ihrer Daten in Drittl\u00e4nder bestehen;<\/div>\n<div>&#8211; Recht auf Berichtigung gem\u00e4\u00df Art. 16 DSGVO: Sie haben ein Recht auf unverz\u00fcgliche Berichtigung Sie betreffender unrichtiger Daten und\/oder Vervollst\u00e4ndigung Ihrer bei uns gespeicherten unvollst\u00e4ndigen Daten;<\/div>\n<div>&#8211; Recht auf L\u00f6schung gem\u00e4\u00df Art. 17 DSGVO: Sie haben das Recht, die L\u00f6schung Ihrer personenbezogenen Daten bei Vorliegen der Voraussetzungen des Art. 17 Abs. 1 DSGVO zu verlangen. Dieses Recht besteht jedoch insbesondere dann nicht, wenn die Verarbeitung zur Aus\u00fcbung des Rechts auf freie Meinungs\u00e4u\u00dferung und Information, zur Erf\u00fcllung einer rechtlichen Verpflichtung, aus Gr\u00fcnden des \u00f6ffentlichen Interesses oder zur Geltendmachung, Aus\u00fcbung oder Verteidigung von Rechtsanspr\u00fcchen erforderlich ist;<\/div>\n<div>&#8211; Recht auf Einschr\u00e4nkung der Verarbeitung gem\u00e4\u00df Art. 18 DSGVO: Sie haben das Recht, die Einschr\u00e4nkung der Verarbeitung Ihrer personenbezogenen Daten zu verlangen, solange die von Ihnen bestrittene Richtigkeit Ihrer Daten \u00fcberpr\u00fcft wird, wenn Sie eine L\u00f6schung Ihrer Daten wegen unzul\u00e4ssiger Datenverarbeitung ablehnen und stattdessen die Einschr\u00e4nkung der Verarbeitung Ihrer Daten verlangen, wenn Sie Ihre Daten zur Geltendmachung, Aus\u00fcbung oder Verteidigung von Rechtsanspr\u00fcchen ben\u00f6tigen, nachdem wir diese Daten nach Zweckerreichung nicht mehr ben\u00f6tigen oder wenn Sie Widerspruch aus Gr\u00fcnden Ihrer besonderen Situation eingelegt haben, solange noch nicht feststeht, ob unsere berechtigten Gr\u00fcnde \u00fcberwiegen;<\/div>\n<div>&#8211; Recht auf Unterrichtung gem\u00e4\u00df Art. 19 DSGVO: Haben Sie das Recht auf Berichtigung, L\u00f6schung oder Einschr\u00e4nkung der Verarbeitung gegen\u00fcber dem Verantwortlichen geltend gemacht, ist dieser verpflichtet, allen Empf\u00e4ngern, denen die Sie betreffenden personenbezogenen Daten offengelegt wurden, diese Berichtigung oder L\u00f6schung der Daten oder Einschr\u00e4nkung der Verarbeitung mitzuteilen, es sei denn, dies erweist sich als unm\u00f6glich oder ist mit einem unverh\u00e4ltnism\u00e4\u00dfigen Aufwand verbunden. Ihnen steht das Recht zu, \u00fcber diese Empf\u00e4nger unterrichtet zu werden.<\/div>\n<div>&#8211; Recht auf Daten\u00fcbertragbarkeit gem\u00e4\u00df Art. 20 DSGVO: Sie haben das Recht, Ihre personenbezogenen Daten, die Sie uns bereitgestellt haben, in einem strukturierten, g\u00e4ngigen und maschinenlesebaren Format zu erhalten oder die \u00dcbermittlung an einen anderen Verantwortlichen zu verlangen, soweit dies technisch machbar ist;<\/div>\n<div>&#8211; Recht auf Widerruf erteilter Einwilligungen gem\u00e4\u00df Art. 7 Abs. 3 DSGVO: Sie haben das Recht, eine einmal erteilte Einwilligung in die Verarbeitung von Daten jederzeit mit Wirkung f\u00fcr die Zukunft zu widerrufen. Im Falle des Widerrufs werden wir die betroffenen Daten unverz\u00fcglich l\u00f6schen, sofern eine weitere Verarbeitung nicht auf eine Rechtsgrundlage zur einwilligungslosen Verarbeitung gest\u00fctzt werden kann. Durch den Widerruf der Einwilligung wird die Rechtm\u00e4\u00dfigkeit der aufgrund der Einwilligung bis zum Widerruf erfolgten Verarbeitung nicht ber\u00fchrt;<\/div>\n<div>&#8211; Recht auf Beschwerde gem\u00e4\u00df Art. 77 DSGVO: Wenn Sie der Ansicht sind, dass die Verarbeitung der Sie betreffenden personenbezogenen Daten gegen die DSGVO verst\u00f6\u00dft, haben Sie &#8211; unbeschadet eines anderweitigen verwaltungsrechtlichen oder gerichtlichen Rechtsbehelfs &#8211; das Recht auf Beschwerde bei einer Aufsichtsbeh\u00f6rde, insbesondere in dem Mitgliedstaat Ihres Aufenthaltsortes, Ihres Arbeitsplatzes oder des Ortes des mutma\u00dflichen Versto\u00dfes.<\/div>\n<div>4.2 Widerspruchsrecht<\/div>\n<div>Wenn im Rahmen einer Interessenabw\u00e4gung ihre personenbezogenen Daten aufgrund des \u00fcberwiegenden Berechtigten Interesses verarbeiten, haben Sie jederzeit das Recht aus Gr\u00fcnden die sich aus ihrer besonderen Situation ergeben, gegen diese Verarbeitung Widerspruch mit Wirkung f\u00fcr die Zukunft einzulegen. Machen Sie von ihrem Recht Gebrauch wird die Verarbeitung der betroffenen Daten beendet. Jedoch bleibt eine Weiterverarbeitung vorbehalten sobald zwingende schutzw\u00fcrdige Gr\u00fcnde f\u00fcr die Verarbeitung nachgewiesen werden kann, die ihre Interessen, Grundrechte und -Freiheiten \u00fcberwiegen, oder wenn die Verarbeitung der Geltendmachung, Verteidigung oder Aus\u00fcbung oder Verteidigung von Rechtsanspr\u00fcchen dient.<\/div>\n<div>Bei Verwendung der personenbezogenen Daten zur Direktwerbung haben Sie jederzeit Recht dieser Werbung zu widersprechen. Eine kurze Mitteilung gen\u00fcgt und die Verarbeitung der personenbezogener Daten zu Direktwerbung wird beendet.<\/div>\n<div>5) Dauer der Speicherung personenbezogener Daten<\/div>\n<div>Die Dauer der Speicherung von personenbezogenen Daten bemisst sich anhand der jeweiligen gesetzlichen Aufbewahrungsfrist (z.B. handels- und steuerrechtliche Aufbewahrungsfristen). Nach Ablauf der Frist werden die entsprechenden Daten routinem\u00e4\u00dfig gel\u00f6scht, sofern sie nicht mehr zur Vertragserf\u00fcllung oder Vertragsanbahnung erforderlich sind und\/oder unsererseits kein berechtigtes Interesse an der Weiterspeicherung fortbesteht.<\/div>\n<p align=\"left\"><strong><br \/>\nSchlussbestimmungen:<br \/>\n<\/strong>(1) Der Vertrag wird in Deutsch abgefasst. Die weitere Durchf\u00fchrung der Vertragsbeziehung erfolgt in Deutsch.<br \/>\n(2) Ist der Kunde Kaufmann, juristische Person des \u00f6ffentlichen Rechts oder \u00f6ffentlich-rechtliches Sonderverm\u00f6gen, ist ausschlie\u00dflicher Gerichtsstand f\u00fcr alle Streitigkeiten aus diesem Vertrag der Gesch\u00e4ftssitz des Anbieters. Dasselbe gilt, wenn der Kunde keinen allgemeinen Gerichtsstand in Deutschland hat oder Wohnsitz oder gew\u00f6hnlicher Aufenthalt im Zeitpunkt der Klageerhebung nicht bekannt sind.<br \/>\n(3) Nebenabreden, Zusicherungen von Eigenschaften, Vertrags\u00e4nderungen bed\u00fcrfen der Schriftform. Von dieser Schriftformabrede kann nur durch schriftliche Vereinbarung abgewichen werden.<br \/>\n(4) Sollten einzelne Bestimmungen des Vertrags mit dem Vertragspartner einschlie\u00dflich dieser allgemeinen Gesch\u00e4ftsbedingungen ganz oder teilweise unwirksam sein oder werden, so wird hierdurch die G\u00fcltigkeit der \u00fcbrigen Bestimmungen nicht ber\u00fchrt. Die ganz oder teilweise unwirksame Regelung soll durch eine Regelung ersetzt werden, deren wirtschaftlicher Erfolg der unwirksamen m\u00f6glichst nahe kommt.<\/p>\n<div class=\"woocommerce woocommerce-gzd woocommerce-gzd-complaints-shortcode\">\n\t\t\t<h3>Alternative Streitbeilegung gem\u00e4\u00df Art. 14 Abs. 1 ODR-VO und \u00a7 36 VSBG:<\/h3>\n\t\n<p>Die Europ\u00e4ische Kommission stellt eine Plattform zur Online-Streitbeilegung (OS) bereit, die du unter <a href=\"https:\/\/ec.europa.eu\/consumers\/odr\" target=\"_blank\">https:\/\/ec.europa.eu\/consumers\/odr<\/a> findest. Wir sind bereit, an einem au\u00dfergerichtlichen Schlichtungsverfahren teilzunehmen.<\/p>\n<\/div>\n","protected":false},"excerpt":{"rendered":"<p>Allgemeine Gesch\u00e4ftsbedingungen AGBs \/ Widerrufsrecht \/ Datenschutz Allgemeiner Geltungsbereich: Die folgenden Allgemeinen Gesch\u00e4ftsbedingungen, gelten f\u00fcr alle Gesch\u00e4ftsbeziehungen zwischen den Anbieter \/ Verk\u00e4ufer Jana Z\u00e4hl Rommerscheiderstrasse 42 51465 Bergisch Gladbach Umsatzsteuer-Identifikationsnummer: 204\/5399\/1580 VST und dem Kunden. Ma\u00dfgeblich ist jeweils die zum Zeitpunkt des Vertragsschlusses g\u00fcltige Fassung. Vertragsabschluss: (1) Die Darstellung von Kunstwerken im Internet stellt kein &hellip; <\/p>\n<p class=\"link-more\"><a href=\"https:\/\/www.jana-zaehl.de\/?page_id=102\" class=\"more-link\"><span class=\"screen-reader-text\">\u201eAllgemeine Gesch\u00e4ftsbedingungen,  Widerrufsrecht, Datenschutz\u201c<\/span> weiterlesen<\/a><\/p>\n","protected":false},"author":2,"featured_media":0,"parent":0,"menu_order":0,"comment_status":"closed","ping_status":"closed","template":"","meta":{"jetpack_post_was_ever_published":false,"footnotes":""},"class_list":["post-102","page","type-page","status-publish","hentry"],"jetpack_sharing_enabled":true,"jetpack_shortlink":"https:\/\/wp.me\/P8NTZC-1E","_links":{"self":[{"href":"https:\/\/www.jana-zaehl.de\/index.php?rest_route=\/wp\/v2\/pages\/102"}],"collection":[{"href":"https:\/\/www.jana-zaehl.de\/index.php?rest_route=\/wp\/v2\/pages"}],"about":[{"href":"https:\/\/www.jana-zaehl.de\/index.php?rest_route=\/wp\/v2\/types\/page"}],"author":[{"embeddable":true,"href":"https:\/\/www.jana-zaehl.de\/index.php?rest_route=\/wp\/v2\/users\/2"}],"replies":[{"embeddable":true,"href":"https:\/\/www.jana-zaehl.de\/index.php?rest_route=%2Fwp%2Fv2%2Fcomments&post=102"}],"version-history":[{"count":12,"href":"https:\/\/www.jana-zaehl.de\/index.php?rest_route=\/wp\/v2\/pages\/102\/revisions"}],"predecessor-version":[{"id":347,"href":"https:\/\/www.jana-zaehl.de\/index.php?rest_route=\/wp\/v2\/pages\/102\/revisions\/347"}],"wp:attachment":[{"href":"https:\/\/www.jana-zaehl.de\/index.php?rest_route=%2Fwp%2Fv2%2Fmedia&parent=102"}],"curies":[{"name":"wp","href":"https:\/\/api.w.org\/{rel}","templated":true}]}}